{"id":17093,"date":"2026-02-28T09:28:59","date_gmt":"2026-02-28T09:28:59","guid":{"rendered":"https:\/\/sabineherman.be\/?page_id=17093"},"modified":"2026-03-19T21:03:36","modified_gmt":"2026-03-19T21:03:36","slug":"page-daccueil","status":"publish","type":"page","link":"https:\/\/sabineherman.be\/nl\/","title":{"rendered":"Page d\u2019accueil"},"content":{"rendered":"<figure class=\"wp-block-image size-full\"><img loading=\"lazy\" decoding=\"async\" width=\"2560\" height=\"1707\" src=\"https:\/\/sabineherman.be\/wp-content\/uploads\/2026\/03\/MG_0949-scaled.jpg\" alt=\"\" class=\"wp-image-17324\" srcset=\"https:\/\/sabineherman.be\/wp-content\/uploads\/2026\/03\/MG_0949-scaled.jpg 2560w, https:\/\/sabineherman.be\/wp-content\/uploads\/2026\/03\/MG_0949-300x200.jpg 300w, https:\/\/sabineherman.be\/wp-content\/uploads\/2026\/03\/MG_0949-1024x683.jpg 1024w, https:\/\/sabineherman.be\/wp-content\/uploads\/2026\/03\/MG_0949-768x512.jpg 768w, https:\/\/sabineherman.be\/wp-content\/uploads\/2026\/03\/MG_0949-1536x1024.jpg 1536w, https:\/\/sabineherman.be\/wp-content\/uploads\/2026\/03\/MG_0949-2048x1365.jpg 2048w, https:\/\/sabineherman.be\/wp-content\/uploads\/2026\/03\/MG_0949-18x12.jpg 18w\" sizes=\"auto, (max-width: 2560px) 100vw, 2560px\" \/><\/figure>\n\n\n\n<h2 class=\"wp-block-heading\" id=\"apropos\">About <\/h2>\n\n\n\n<p>Van jongs af aan had ik interesse voor juwelen. Met een goudsmid als grootvader is dit niet verbazend.<\/p>\n\n\n\n<p class=\"translation-block\">In 1987 opende ik de galerij Sabine Herman in de Faiderstraat waar ik niet enkel eigen creaties tentoonstelde maar ook een selectie uit andere hedendaagse collecties.\nMijn creatief parcours zet ik verder sinds ik mijn galerij heb overgelaten.\nOf het nu multipels zijn of unicaten, het opzet blijft hetzelfde: een evenwichtsspel tussen creativiteit en vakmanschap. Het materiaal wordt mijn klankbord. De soberheid van mijn juwelen maakt hun kracht uit. Ze vormen een brug tussen U en mij. Het idee krijgt vorm en wordt \u00e9\u00e9n met het lichaam.<\/p>\n\n\n\n<p>Tijdloze juwelen, symbolisch geladen: mijn merkteken.<\/p>\n\n\n\n<div class=\"wp-block-columns is-layout-flex wp-container-core-columns-is-layout-28f84493 wp-block-columns-is-layout-flex\">\n<div class=\"wp-block-column is-layout-flow wp-block-column-is-layout-flow\" style=\"flex-basis:25%\"><\/div>\n\n\n\n<div class=\"wp-block-column is-layout-flow wp-block-column-is-layout-flow\" style=\"flex-basis:50%\">\n<figure class=\"wp-block-image size-large\"><img loading=\"lazy\" decoding=\"async\" width=\"908\" height=\"1024\" src=\"https:\/\/sabineherman.be\/wp-content\/uploads\/2026\/03\/Sabine-portrait-mod-908x1024.jpg\" alt=\"\" class=\"wp-image-17311\" srcset=\"https:\/\/sabineherman.be\/wp-content\/uploads\/2026\/03\/Sabine-portrait-mod-908x1024.jpg 908w, https:\/\/sabineherman.be\/wp-content\/uploads\/2026\/03\/Sabine-portrait-mod-266x300.jpg 266w, https:\/\/sabineherman.be\/wp-content\/uploads\/2026\/03\/Sabine-portrait-mod-768x866.jpg 768w, https:\/\/sabineherman.be\/wp-content\/uploads\/2026\/03\/Sabine-portrait-mod-1362x1536.jpg 1362w, https:\/\/sabineherman.be\/wp-content\/uploads\/2026\/03\/Sabine-portrait-mod-1815x2048.jpg 1815w, https:\/\/sabineherman.be\/wp-content\/uploads\/2026\/03\/Sabine-portrait-mod-11x12.jpg 11w\" sizes=\"auto, (max-width: 908px) 100vw, 908px\" \/><\/figure>\n<\/div>\n\n\n\n<div class=\"wp-block-column is-layout-flow wp-block-column-is-layout-flow\" style=\"flex-basis:25%\"><\/div>\n<\/div>\n\n\n\n<h2 class=\"wp-block-heading\" id=\"contact\">Contact<\/h2>\n\n\n\n<div class=\"wp-block-columns is-layout-flex wp-container-core-columns-is-layout-28f84493 wp-block-columns-is-layout-flex\">\n<div class=\"wp-block-column is-layout-flow wp-block-column-is-layout-flow\">\n<div class=\"wp-block-buttons is-layout-flex wp-block-buttons-is-layout-flex\">\n<div class=\"wp-block-button\"><a class=\"wp-block-button__link wp-element-button\" href=\"mailto:sabineherman@outlook.com\">E-mail<\/a><\/div>\n\n\n\n<div class=\"wp-block-button\"><a class=\"wp-block-button__link wp-element-button\" href=\"https:\/\/www.instagram.com\/sabinehermanjewellery\/\">Instagram<\/a><\/div>\n<\/div>\n\n\n\n<p>sabineherman@outlook.com<\/p>\n\n\n\n<p>Verkooppunten :<\/p>\n\n\n\n<p><a href=\"https:\/\/www.google.com\/maps\/place\/Hectare\/@50.8263581,4.3605547,20.21z\/data=!4m6!3m5!1s0x47c3c4bb57113119:0x5d522a8a96827cca!8m2!3d50.826413!4d4.360701!16s%2Fg%2F11bzx3tz2k?entry=ttu&amp;g_ep=EgoyMDI2MDMxNy4wIKXMDSoASAFQAw%3D%3D\">Galerie Hectare : Faiderstraat 86, 1050 Brussel<\/a><\/p>\n\n\n\n<p><a href=\"https:\/\/www.google.com\/maps\/place\/La+Fianc%C3%A9e+du+Bijoutier\/@50.8364402,4.378056,17z\/data=!3m1!4b1!4m6!3m5!1s0x47c3c543dc2f20d9:0xe5bb6f31066d6574!8m2!3d50.8364368!4d4.3806309!16s%2Fg%2F11rq7_j085?entry=ttu&amp;g_ep=EgoyMDI2MDMxNy4wIKXMDSoASAFQAw%3D%3D\">La fianc\u00e9e du bijoutier : Waversesteenweg, Jourdan PL. 345, 1040 Brussel<\/a><\/p>\n<\/div>\n\n\n\n<div class=\"wp-block-column is-layout-flow wp-block-column-is-layout-flow\">\n<figure class=\"wp-block-image size-full\"><img loading=\"lazy\" decoding=\"async\" width=\"2560\" height=\"2345\" src=\"https:\/\/sabineherman.be\/wp-content\/uploads\/2026\/02\/Sabine-Herman_N7F3606_-scaled.jpg\" alt=\"\" class=\"wp-image-17219\" srcset=\"https:\/\/sabineherman.be\/wp-content\/uploads\/2026\/02\/Sabine-Herman_N7F3606_-scaled.jpg 2560w, https:\/\/sabineherman.be\/wp-content\/uploads\/2026\/02\/Sabine-Herman_N7F3606_-300x275.jpg 300w, https:\/\/sabineherman.be\/wp-content\/uploads\/2026\/02\/Sabine-Herman_N7F3606_-1024x938.jpg 1024w, https:\/\/sabineherman.be\/wp-content\/uploads\/2026\/02\/Sabine-Herman_N7F3606_-768x703.jpg 768w, https:\/\/sabineherman.be\/wp-content\/uploads\/2026\/02\/Sabine-Herman_N7F3606_-1536x1407.jpg 1536w, https:\/\/sabineherman.be\/wp-content\/uploads\/2026\/02\/Sabine-Herman_N7F3606_-2048x1876.jpg 2048w\" sizes=\"auto, (max-width: 2560px) 100vw, 2560px\" \/><\/figure>\n<\/div>\n<\/div>","protected":false},"excerpt":{"rendered":"<p>\u00c0 propos La passion du bijou m\u2019est venue tr\u00e8s jeune. Le souvenir d\u2019un grand p\u00e8re orf\u00e8vre a nourri mon imagination. En 1987 j\u2019ai ouvert la galerie Sabine Herman, rue Faider, pour y exposer mes cr\u00e9ations ainsi que d\u2019autres collections d\u2019artistes contemporains.Apr\u00e8s avoir c\u00e9d\u00e9 ma galerie, je continue mon chemin cr\u00e9atif.Multiples ou pi\u00e8ces uniques, la d\u00e9marche [&hellip;]<\/p>\n","protected":false},"author":1,"featured_media":0,"parent":0,"menu_order":0,"comment_status":"closed","ping_status":"closed","template":"page-no-title","meta":{"footnotes":""},"class_list":["post-17093","page","type-page","status-publish","hentry"],"_links":{"self":[{"href":"https:\/\/sabineherman.be\/nl\/wp-json\/wp\/v2\/pages\/17093","targetHints":{"allow":["GET"]}}],"collection":[{"href":"https:\/\/sabineherman.be\/nl\/wp-json\/wp\/v2\/pages"}],"about":[{"href":"https:\/\/sabineherman.be\/nl\/wp-json\/wp\/v2\/types\/page"}],"author":[{"embeddable":true,"href":"https:\/\/sabineherman.be\/nl\/wp-json\/wp\/v2\/users\/1"}],"replies":[{"embeddable":true,"href":"https:\/\/sabineherman.be\/nl\/wp-json\/wp\/v2\/comments?post=17093"}],"version-history":[{"count":32,"href":"https:\/\/sabineherman.be\/nl\/wp-json\/wp\/v2\/pages\/17093\/revisions"}],"predecessor-version":[{"id":17345,"href":"https:\/\/sabineherman.be\/nl\/wp-json\/wp\/v2\/pages\/17093\/revisions\/17345"}],"wp:attachment":[{"href":"https:\/\/sabineherman.be\/nl\/wp-json\/wp\/v2\/media?parent=17093"}],"curies":[{"name":"wp","href":"https:\/\/api.w.org\/{rel}","templated":true}]}}