{"id":17101,"date":"2026-02-28T09:33:17","date_gmt":"2026-02-28T09:33:17","guid":{"rendered":"https:\/\/sabineherman.be\/?page_id=17101"},"modified":"2026-03-15T09:30:36","modified_gmt":"2026-03-15T09:30:36","slug":"iconiques","status":"publish","type":"page","link":"https:\/\/sabineherman.be\/nl\/iconiques\/","title":{"rendered":"Iconisch"},"content":{"rendered":"<p>Les bijoux iconiques sont intemporels. Je les r\u00e9\u00e9dite car ils existent au del\u00e0 des tendances.<\/p>\n\n\n\n<p>Ils restent encore toujours disponibles.<\/p>\n\n\n\n<figure class=\"wp-block-gallery has-nested-images columns-3 is-cropped wp-block-gallery-2 is-layout-flex wp-block-gallery-is-layout-flex\">\n<figure class=\"wp-block-image size-medium wp-duotone-unset-1\"><img loading=\"lazy\" decoding=\"async\" width=\"300\" height=\"252\" data-id=\"17208\" src=\"https:\/\/sabineherman.be\/wp-content\/uploads\/2026\/02\/SABINE-HERMAN-2015-_RW_6189-300x252.jpg\" alt=\"Boucles d'oreille\" class=\"wp-image-17208\" srcset=\"https:\/\/sabineherman.be\/wp-content\/uploads\/2026\/02\/SABINE-HERMAN-2015-_RW_6189-300x252.jpg 300w, https:\/\/sabineherman.be\/wp-content\/uploads\/2026\/02\/SABINE-HERMAN-2015-_RW_6189-1024x859.jpg 1024w, https:\/\/sabineherman.be\/wp-content\/uploads\/2026\/02\/SABINE-HERMAN-2015-_RW_6189-768x645.jpg 768w, https:\/\/sabineherman.be\/wp-content\/uploads\/2026\/02\/SABINE-HERMAN-2015-_RW_6189.jpg 1500w\" sizes=\"auto, (max-width: 300px) 100vw, 300px\" \/><\/figure>\n\n\n\n<figure class=\"wp-block-image size-medium\"><img loading=\"lazy\" decoding=\"async\" width=\"300\" height=\"231\" data-id=\"17207\" src=\"https:\/\/sabineherman.be\/wp-content\/uploads\/2026\/02\/SABINE-HERMAN-_RW_7408-300x231.jpg\" alt=\"\" class=\"wp-image-17207\" srcset=\"https:\/\/sabineherman.be\/wp-content\/uploads\/2026\/02\/SABINE-HERMAN-_RW_7408-300x231.jpg 300w, https:\/\/sabineherman.be\/wp-content\/uploads\/2026\/02\/SABINE-HERMAN-_RW_7408-1024x789.jpg 1024w, https:\/\/sabineherman.be\/wp-content\/uploads\/2026\/02\/SABINE-HERMAN-_RW_7408-768x592.jpg 768w, https:\/\/sabineherman.be\/wp-content\/uploads\/2026\/02\/SABINE-HERMAN-_RW_7408.jpg 1100w\" sizes=\"auto, (max-width: 300px) 100vw, 300px\" \/><\/figure>\n\n\n\n<figure class=\"wp-block-image size-medium\"><img loading=\"lazy\" decoding=\"async\" width=\"270\" height=\"300\" data-id=\"17209\" src=\"https:\/\/sabineherman.be\/wp-content\/uploads\/2026\/02\/SABINE-HERMAN-2015-_RW_6304-compo-270x300.jpg\" alt=\"\" class=\"wp-image-17209\" srcset=\"https:\/\/sabineherman.be\/wp-content\/uploads\/2026\/02\/SABINE-HERMAN-2015-_RW_6304-compo-270x300.jpg 270w, https:\/\/sabineherman.be\/wp-content\/uploads\/2026\/02\/SABINE-HERMAN-2015-_RW_6304-compo-922x1024.jpg 922w, https:\/\/sabineherman.be\/wp-content\/uploads\/2026\/02\/SABINE-HERMAN-2015-_RW_6304-compo-768x853.jpg 768w, https:\/\/sabineherman.be\/wp-content\/uploads\/2026\/02\/SABINE-HERMAN-2015-_RW_6304-compo.jpg 1350w\" sizes=\"auto, (max-width: 270px) 100vw, 270px\" \/><\/figure>\n\n\n\n<figure class=\"wp-block-image size-medium\"><img loading=\"lazy\" decoding=\"async\" width=\"300\" height=\"300\" data-id=\"17210\" src=\"https:\/\/sabineherman.be\/wp-content\/uploads\/2026\/02\/Sabine-Herman-4044-300x300.jpg\" alt=\"\" class=\"wp-image-17210\" srcset=\"https:\/\/sabineherman.be\/wp-content\/uploads\/2026\/02\/Sabine-Herman-4044-300x300.jpg 300w, https:\/\/sabineherman.be\/wp-content\/uploads\/2026\/02\/Sabine-Herman-4044-1024x1024.jpg 1024w, https:\/\/sabineherman.be\/wp-content\/uploads\/2026\/02\/Sabine-Herman-4044-150x150.jpg 150w, https:\/\/sabineherman.be\/wp-content\/uploads\/2026\/02\/Sabine-Herman-4044-768x768.jpg 768w, https:\/\/sabineherman.be\/wp-content\/uploads\/2026\/02\/Sabine-Herman-4044-1536x1536.jpg 1536w, https:\/\/sabineherman.be\/wp-content\/uploads\/2026\/02\/Sabine-Herman-4044.jpg 1800w\" sizes=\"auto, (max-width: 300px) 100vw, 300px\" \/><\/figure>\n\n\n\n<figure class=\"wp-block-image size-medium\"><img loading=\"lazy\" decoding=\"async\" width=\"300\" height=\"238\" data-id=\"17211\" src=\"https:\/\/sabineherman.be\/wp-content\/uploads\/2026\/02\/Sabine-Herman-aug2015_RW_6424-300x238.jpg\" alt=\"\" class=\"wp-image-17211\" srcset=\"https:\/\/sabineherman.be\/wp-content\/uploads\/2026\/02\/Sabine-Herman-aug2015_RW_6424-300x238.jpg 300w, https:\/\/sabineherman.be\/wp-content\/uploads\/2026\/02\/Sabine-Herman-aug2015_RW_6424-1024x814.jpg 1024w, https:\/\/sabineherman.be\/wp-content\/uploads\/2026\/02\/Sabine-Herman-aug2015_RW_6424-768x610.jpg 768w, https:\/\/sabineherman.be\/wp-content\/uploads\/2026\/02\/Sabine-Herman-aug2015_RW_6424.jpg 1500w\" sizes=\"auto, (max-width: 300px) 100vw, 300px\" \/><\/figure>\n\n\n\n<figure class=\"wp-block-image size-medium\"><img loading=\"lazy\" decoding=\"async\" width=\"300\" height=\"203\" data-id=\"17212\" src=\"https:\/\/sabineherman.be\/wp-content\/uploads\/2026\/02\/Sabine-Herman-Clin-doeil_RW_9516-300x203.jpg\" alt=\"\" class=\"wp-image-17212\" srcset=\"https:\/\/sabineherman.be\/wp-content\/uploads\/2026\/02\/Sabine-Herman-Clin-doeil_RW_9516-300x203.jpg 300w, https:\/\/sabineherman.be\/wp-content\/uploads\/2026\/02\/Sabine-Herman-Clin-doeil_RW_9516-768x520.jpg 768w, https:\/\/sabineherman.be\/wp-content\/uploads\/2026\/02\/Sabine-Herman-Clin-doeil_RW_9516.jpg 1000w\" sizes=\"auto, (max-width: 300px) 100vw, 300px\" \/><\/figure>\n\n\n\n<figure class=\"wp-block-image size-medium\"><img loading=\"lazy\" decoding=\"async\" width=\"300\" height=\"211\" data-id=\"17213\" src=\"https:\/\/sabineherman.be\/wp-content\/uploads\/2026\/02\/Sabine-Herman-Connivence_RW_9541-300x211.jpg\" alt=\"\" class=\"wp-image-17213\" srcset=\"https:\/\/sabineherman.be\/wp-content\/uploads\/2026\/02\/Sabine-Herman-Connivence_RW_9541-300x211.jpg 300w, https:\/\/sabineherman.be\/wp-content\/uploads\/2026\/02\/Sabine-Herman-Connivence_RW_9541-768x541.jpg 768w, https:\/\/sabineherman.be\/wp-content\/uploads\/2026\/02\/Sabine-Herman-Connivence_RW_9541.jpg 1000w\" sizes=\"auto, (max-width: 300px) 100vw, 300px\" \/><\/figure>\n\n\n\n<figure class=\"wp-block-image size-medium\"><img loading=\"lazy\" decoding=\"async\" width=\"300\" height=\"206\" data-id=\"17214\" src=\"https:\/\/sabineherman.be\/wp-content\/uploads\/2026\/02\/Sabine-Herman-Manu_RW_9528-300x206.jpg\" alt=\"\" class=\"wp-image-17214\" srcset=\"https:\/\/sabineherman.be\/wp-content\/uploads\/2026\/02\/Sabine-Herman-Manu_RW_9528-300x206.jpg 300w, https:\/\/sabineherman.be\/wp-content\/uploads\/2026\/02\/Sabine-Herman-Manu_RW_9528-768x526.jpg 768w, https:\/\/sabineherman.be\/wp-content\/uploads\/2026\/02\/Sabine-Herman-Manu_RW_9528.jpg 1000w\" sizes=\"auto, (max-width: 300px) 100vw, 300px\" \/><\/figure>\n\n\n\n<figure class=\"wp-block-image size-medium\"><img loading=\"lazy\" decoding=\"async\" width=\"300\" height=\"203\" data-id=\"17215\" src=\"https:\/\/sabineherman.be\/wp-content\/uploads\/2026\/02\/Sabine-Herman-Mini-Lien_RW_9505-300x203.jpg\" alt=\"\" class=\"wp-image-17215\" srcset=\"https:\/\/sabineherman.be\/wp-content\/uploads\/2026\/02\/Sabine-Herman-Mini-Lien_RW_9505-300x203.jpg 300w, https:\/\/sabineherman.be\/wp-content\/uploads\/2026\/02\/Sabine-Herman-Mini-Lien_RW_9505-768x520.jpg 768w, https:\/\/sabineherman.be\/wp-content\/uploads\/2026\/02\/Sabine-Herman-Mini-Lien_RW_9505.jpg 1000w\" sizes=\"auto, (max-width: 300px) 100vw, 300px\" \/><\/figure>\n\n\n\n<figure class=\"wp-block-image size-medium\"><img loading=\"lazy\" decoding=\"async\" width=\"300\" height=\"205\" data-id=\"17216\" src=\"https:\/\/sabineherman.be\/wp-content\/uploads\/2026\/02\/Sabine-Herman-Moeubius_RW_9507-300x205.jpg\" alt=\"\" class=\"wp-image-17216\" srcset=\"https:\/\/sabineherman.be\/wp-content\/uploads\/2026\/02\/Sabine-Herman-Moeubius_RW_9507-300x205.jpg 300w, https:\/\/sabineherman.be\/wp-content\/uploads\/2026\/02\/Sabine-Herman-Moeubius_RW_9507-768x524.jpg 768w, https:\/\/sabineherman.be\/wp-content\/uploads\/2026\/02\/Sabine-Herman-Moeubius_RW_9507.jpg 1000w\" sizes=\"auto, (max-width: 300px) 100vw, 300px\" \/><\/figure>\n\n\n\n<figure class=\"wp-block-image size-medium\"><img loading=\"lazy\" decoding=\"async\" width=\"300\" height=\"211\" data-id=\"17217\" src=\"https:\/\/sabineherman.be\/wp-content\/uploads\/2026\/02\/Sabine-Herman-You_RW_9543-300x211.jpg\" alt=\"\" class=\"wp-image-17217\" srcset=\"https:\/\/sabineherman.be\/wp-content\/uploads\/2026\/02\/Sabine-Herman-You_RW_9543-300x211.jpg 300w, https:\/\/sabineherman.be\/wp-content\/uploads\/2026\/02\/Sabine-Herman-You_RW_9543-768x541.jpg 768w, https:\/\/sabineherman.be\/wp-content\/uploads\/2026\/02\/Sabine-Herman-You_RW_9543.jpg 1000w\" sizes=\"auto, (max-width: 300px) 100vw, 300px\" \/><\/figure>\n\n\n\n<figure class=\"wp-block-image size-medium\"><img loading=\"lazy\" decoding=\"async\" width=\"300\" height=\"245\" data-id=\"17218\" src=\"https:\/\/sabineherman.be\/wp-content\/uploads\/2026\/02\/Sabine-Herman_N7F3493_-300x245.jpg\" alt=\"\" class=\"wp-image-17218\" srcset=\"https:\/\/sabineherman.be\/wp-content\/uploads\/2026\/02\/Sabine-Herman_N7F3493_-300x245.jpg 300w, https:\/\/sabineherman.be\/wp-content\/uploads\/2026\/02\/Sabine-Herman_N7F3493_-1024x836.jpg 1024w, https:\/\/sabineherman.be\/wp-content\/uploads\/2026\/02\/Sabine-Herman_N7F3493_-768x627.jpg 768w, https:\/\/sabineherman.be\/wp-content\/uploads\/2026\/02\/Sabine-Herman_N7F3493_-1536x1254.jpg 1536w, https:\/\/sabineherman.be\/wp-content\/uploads\/2026\/02\/Sabine-Herman_N7F3493_-2048x1672.jpg 2048w\" sizes=\"auto, (max-width: 300px) 100vw, 300px\" \/><\/figure>\n\n\n\n<figure class=\"wp-block-image size-medium\"><img loading=\"lazy\" decoding=\"async\" width=\"300\" height=\"275\" data-id=\"17219\" src=\"https:\/\/sabineherman.be\/wp-content\/uploads\/2026\/02\/Sabine-Herman_N7F3606_-300x275.jpg\" alt=\"\" class=\"wp-image-17219\" srcset=\"https:\/\/sabineherman.be\/wp-content\/uploads\/2026\/02\/Sabine-Herman_N7F3606_-300x275.jpg 300w, https:\/\/sabineherman.be\/wp-content\/uploads\/2026\/02\/Sabine-Herman_N7F3606_-1024x938.jpg 1024w, https:\/\/sabineherman.be\/wp-content\/uploads\/2026\/02\/Sabine-Herman_N7F3606_-768x703.jpg 768w, https:\/\/sabineherman.be\/wp-content\/uploads\/2026\/02\/Sabine-Herman_N7F3606_-1536x1407.jpg 1536w, https:\/\/sabineherman.be\/wp-content\/uploads\/2026\/02\/Sabine-Herman_N7F3606_-2048x1876.jpg 2048w\" sizes=\"auto, (max-width: 300px) 100vw, 300px\" \/><\/figure>\n\n\n\n<figure class=\"wp-block-image size-medium\"><img loading=\"lazy\" decoding=\"async\" width=\"300\" height=\"255\" data-id=\"17220\" src=\"https:\/\/sabineherman.be\/wp-content\/uploads\/2026\/02\/Sabine-Herman_N7F3656_-300x255.jpg\" alt=\"\" class=\"wp-image-17220\" srcset=\"https:\/\/sabineherman.be\/wp-content\/uploads\/2026\/02\/Sabine-Herman_N7F3656_-300x255.jpg 300w, https:\/\/sabineherman.be\/wp-content\/uploads\/2026\/02\/Sabine-Herman_N7F3656_-1024x869.jpg 1024w, https:\/\/sabineherman.be\/wp-content\/uploads\/2026\/02\/Sabine-Herman_N7F3656_-768x652.jpg 768w, https:\/\/sabineherman.be\/wp-content\/uploads\/2026\/02\/Sabine-Herman_N7F3656_-1536x1303.jpg 1536w, https:\/\/sabineherman.be\/wp-content\/uploads\/2026\/02\/Sabine-Herman_N7F3656_-2048x1738.jpg 2048w\" sizes=\"auto, (max-width: 300px) 100vw, 300px\" \/><\/figure>\n\n\n\n<figure class=\"wp-block-image size-medium\"><img loading=\"lazy\" decoding=\"async\" width=\"300\" height=\"185\" data-id=\"17221\" src=\"https:\/\/sabineherman.be\/wp-content\/uploads\/2026\/02\/SABINE-HERMAN_RW_7942-300x185.jpg\" alt=\"\" class=\"wp-image-17221\" srcset=\"https:\/\/sabineherman.be\/wp-content\/uploads\/2026\/02\/SABINE-HERMAN_RW_7942-300x185.jpg 300w, https:\/\/sabineherman.be\/wp-content\/uploads\/2026\/02\/SABINE-HERMAN_RW_7942-1024x630.jpg 1024w, https:\/\/sabineherman.be\/wp-content\/uploads\/2026\/02\/SABINE-HERMAN_RW_7942-768x473.jpg 768w, https:\/\/sabineherman.be\/wp-content\/uploads\/2026\/02\/SABINE-HERMAN_RW_7942.jpg 1100w\" sizes=\"auto, (max-width: 300px) 100vw, 300px\" \/><\/figure>\n\n\n\n<figure class=\"wp-block-image size-medium\"><img loading=\"lazy\" decoding=\"async\" width=\"300\" height=\"238\" data-id=\"17222\" src=\"https:\/\/sabineherman.be\/wp-content\/uploads\/2026\/02\/Sabine_herman_jan2011_MG_8858-300x238.jpg\" alt=\"\" class=\"wp-image-17222\" srcset=\"https:\/\/sabineherman.be\/wp-content\/uploads\/2026\/02\/Sabine_herman_jan2011_MG_8858-300x238.jpg 300w, https:\/\/sabineherman.be\/wp-content\/uploads\/2026\/02\/Sabine_herman_jan2011_MG_8858-1024x812.jpg 1024w, https:\/\/sabineherman.be\/wp-content\/uploads\/2026\/02\/Sabine_herman_jan2011_MG_8858-768x609.jpg 768w, https:\/\/sabineherman.be\/wp-content\/uploads\/2026\/02\/Sabine_herman_jan2011_MG_8858.jpg 1100w\" sizes=\"auto, (max-width: 300px) 100vw, 300px\" \/><\/figure>\n\n\n\n<figure class=\"wp-block-image size-medium\"><img loading=\"lazy\" decoding=\"async\" width=\"300\" height=\"214\" data-id=\"17223\" src=\"https:\/\/sabineherman.be\/wp-content\/uploads\/2026\/02\/SABINE_HERMAN_juni2011_MG_8704-300x214.jpg\" alt=\"\" class=\"wp-image-17223\" srcset=\"https:\/\/sabineherman.be\/wp-content\/uploads\/2026\/02\/SABINE_HERMAN_juni2011_MG_8704-300x214.jpg 300w, https:\/\/sabineherman.be\/wp-content\/uploads\/2026\/02\/SABINE_HERMAN_juni2011_MG_8704-1024x732.jpg 1024w, https:\/\/sabineherman.be\/wp-content\/uploads\/2026\/02\/SABINE_HERMAN_juni2011_MG_8704-768x549.jpg 768w, https:\/\/sabineherman.be\/wp-content\/uploads\/2026\/02\/SABINE_HERMAN_juni2011_MG_8704.jpg 1100w\" sizes=\"auto, (max-width: 300px) 100vw, 300px\" \/><\/figure>\n\n\n\n<figure class=\"wp-block-image size-medium\"><img loading=\"lazy\" decoding=\"async\" width=\"300\" height=\"219\" data-id=\"17224\" src=\"https:\/\/sabineherman.be\/wp-content\/uploads\/2026\/02\/SABINE_HERMAN_juni2011_MG_8723-300x219.jpg\" alt=\"\" class=\"wp-image-17224\" srcset=\"https:\/\/sabineherman.be\/wp-content\/uploads\/2026\/02\/SABINE_HERMAN_juni2011_MG_8723-300x219.jpg 300w, https:\/\/sabineherman.be\/wp-content\/uploads\/2026\/02\/SABINE_HERMAN_juni2011_MG_8723-1024x749.jpg 1024w, https:\/\/sabineherman.be\/wp-content\/uploads\/2026\/02\/SABINE_HERMAN_juni2011_MG_8723-768x562.jpg 768w, https:\/\/sabineherman.be\/wp-content\/uploads\/2026\/02\/SABINE_HERMAN_juni2011_MG_8723.jpg 1094w\" sizes=\"auto, (max-width: 300px) 100vw, 300px\" \/><\/figure>\n\n\n\n<figure class=\"wp-block-image size-medium\"><img loading=\"lazy\" decoding=\"async\" width=\"300\" height=\"230\" data-id=\"17225\" src=\"https:\/\/sabineherman.be\/wp-content\/uploads\/2026\/02\/SABINE_HERMAN_juni2011_MG_8729-300x230.jpg\" alt=\"\" class=\"wp-image-17225\" srcset=\"https:\/\/sabineherman.be\/wp-content\/uploads\/2026\/02\/SABINE_HERMAN_juni2011_MG_8729-300x230.jpg 300w, https:\/\/sabineherman.be\/wp-content\/uploads\/2026\/02\/SABINE_HERMAN_juni2011_MG_8729-1024x785.jpg 1024w, https:\/\/sabineherman.be\/wp-content\/uploads\/2026\/02\/SABINE_HERMAN_juni2011_MG_8729-768x589.jpg 768w, https:\/\/sabineherman.be\/wp-content\/uploads\/2026\/02\/SABINE_HERMAN_juni2011_MG_8729.jpg 1044w\" sizes=\"auto, (max-width: 300px) 100vw, 300px\" \/><\/figure>\n\n\n\n<figure class=\"wp-block-image size-medium\"><img loading=\"lazy\" decoding=\"async\" width=\"300\" height=\"300\" data-id=\"17226\" src=\"https:\/\/sabineherman.be\/wp-content\/uploads\/2026\/02\/SH-1360-Mar24_web-300x300.jpg\" alt=\"\" class=\"wp-image-17226\" srcset=\"https:\/\/sabineherman.be\/wp-content\/uploads\/2026\/02\/SH-1360-Mar24_web-300x300.jpg 300w, https:\/\/sabineherman.be\/wp-content\/uploads\/2026\/02\/SH-1360-Mar24_web-1024x1024.jpg 1024w, https:\/\/sabineherman.be\/wp-content\/uploads\/2026\/02\/SH-1360-Mar24_web-150x150.jpg 150w, https:\/\/sabineherman.be\/wp-content\/uploads\/2026\/02\/SH-1360-Mar24_web-768x768.jpg 768w, https:\/\/sabineherman.be\/wp-content\/uploads\/2026\/02\/SH-1360-Mar24_web-1536x1536.jpg 1536w, https:\/\/sabineherman.be\/wp-content\/uploads\/2026\/02\/SH-1360-Mar24_web.jpg 1700w\" sizes=\"auto, (max-width: 300px) 100vw, 300px\" \/><\/figure>\n\n\n\n<figure class=\"wp-block-image size-medium\"><img loading=\"lazy\" decoding=\"async\" width=\"300\" height=\"300\" data-id=\"17227\" src=\"https:\/\/sabineherman.be\/wp-content\/uploads\/2026\/02\/SH-260210-9608-crop_web-300x300.jpg\" alt=\"\" class=\"wp-image-17227\" srcset=\"https:\/\/sabineherman.be\/wp-content\/uploads\/2026\/02\/SH-260210-9608-crop_web-300x300.jpg 300w, https:\/\/sabineherman.be\/wp-content\/uploads\/2026\/02\/SH-260210-9608-crop_web-1024x1024.jpg 1024w, https:\/\/sabineherman.be\/wp-content\/uploads\/2026\/02\/SH-260210-9608-crop_web-150x150.jpg 150w, https:\/\/sabineherman.be\/wp-content\/uploads\/2026\/02\/SH-260210-9608-crop_web-768x768.jpg 768w, https:\/\/sabineherman.be\/wp-content\/uploads\/2026\/02\/SH-260210-9608-crop_web-1536x1536.jpg 1536w, https:\/\/sabineherman.be\/wp-content\/uploads\/2026\/02\/SH-260210-9608-crop_web.jpg 1700w\" sizes=\"auto, (max-width: 300px) 100vw, 300px\" \/><\/figure>\n\n\n\n<figure class=\"wp-block-image size-medium\"><img loading=\"lazy\" decoding=\"async\" width=\"300\" height=\"300\" data-id=\"17228\" src=\"https:\/\/sabineherman.be\/wp-content\/uploads\/2026\/02\/SH-260210-9622_web-300x300.jpg\" alt=\"\" class=\"wp-image-17228\" srcset=\"https:\/\/sabineherman.be\/wp-content\/uploads\/2026\/02\/SH-260210-9622_web-300x300.jpg 300w, https:\/\/sabineherman.be\/wp-content\/uploads\/2026\/02\/SH-260210-9622_web-1024x1024.jpg 1024w, https:\/\/sabineherman.be\/wp-content\/uploads\/2026\/02\/SH-260210-9622_web-150x150.jpg 150w, https:\/\/sabineherman.be\/wp-content\/uploads\/2026\/02\/SH-260210-9622_web-768x768.jpg 768w, https:\/\/sabineherman.be\/wp-content\/uploads\/2026\/02\/SH-260210-9622_web-1536x1536.jpg 1536w, https:\/\/sabineherman.be\/wp-content\/uploads\/2026\/02\/SH-260210-9622_web.jpg 1700w\" sizes=\"auto, (max-width: 300px) 100vw, 300px\" \/><\/figure>\n\n\n\n<figure class=\"wp-block-image size-medium\"><img loading=\"lazy\" decoding=\"async\" width=\"300\" height=\"300\" data-id=\"17229\" src=\"https:\/\/sabineherman.be\/wp-content\/uploads\/2026\/02\/SH-260210-9625_web-300x300.jpg\" alt=\"\" class=\"wp-image-17229\" srcset=\"https:\/\/sabineherman.be\/wp-content\/uploads\/2026\/02\/SH-260210-9625_web-300x300.jpg 300w, https:\/\/sabineherman.be\/wp-content\/uploads\/2026\/02\/SH-260210-9625_web-1024x1024.jpg 1024w, https:\/\/sabineherman.be\/wp-content\/uploads\/2026\/02\/SH-260210-9625_web-150x150.jpg 150w, https:\/\/sabineherman.be\/wp-content\/uploads\/2026\/02\/SH-260210-9625_web-768x768.jpg 768w, https:\/\/sabineherman.be\/wp-content\/uploads\/2026\/02\/SH-260210-9625_web-1536x1536.jpg 1536w, https:\/\/sabineherman.be\/wp-content\/uploads\/2026\/02\/SH-260210-9625_web.jpg 1700w\" sizes=\"auto, (max-width: 300px) 100vw, 300px\" \/><\/figure>\n\n\n\n<figure class=\"wp-block-image size-medium\"><img loading=\"lazy\" decoding=\"async\" width=\"300\" height=\"300\" data-id=\"17230\" src=\"https:\/\/sabineherman.be\/wp-content\/uploads\/2026\/02\/SH-9620-web-300x300.jpg\" alt=\"\" class=\"wp-image-17230\" srcset=\"https:\/\/sabineherman.be\/wp-content\/uploads\/2026\/02\/SH-9620-web-300x300.jpg 300w, https:\/\/sabineherman.be\/wp-content\/uploads\/2026\/02\/SH-9620-web-1024x1024.jpg 1024w, https:\/\/sabineherman.be\/wp-content\/uploads\/2026\/02\/SH-9620-web-150x150.jpg 150w, https:\/\/sabineherman.be\/wp-content\/uploads\/2026\/02\/SH-9620-web-768x768.jpg 768w, https:\/\/sabineherman.be\/wp-content\/uploads\/2026\/02\/SH-9620-web-1536x1536.jpg 1536w, https:\/\/sabineherman.be\/wp-content\/uploads\/2026\/02\/SH-9620-web.jpg 1600w\" sizes=\"auto, (max-width: 300px) 100vw, 300px\" \/><\/figure>\n\n\n\n<figure class=\"wp-block-image size-medium\"><img loading=\"lazy\" decoding=\"async\" width=\"300\" height=\"298\" data-id=\"17231\" src=\"https:\/\/sabineherman.be\/wp-content\/uploads\/2026\/02\/SHnov2021-9391-300x298.jpg\" alt=\"\" class=\"wp-image-17231\" srcset=\"https:\/\/sabineherman.be\/wp-content\/uploads\/2026\/02\/SHnov2021-9391-300x298.jpg 300w, https:\/\/sabineherman.be\/wp-content\/uploads\/2026\/02\/SHnov2021-9391-1024x1016.jpg 1024w, https:\/\/sabineherman.be\/wp-content\/uploads\/2026\/02\/SHnov2021-9391-150x150.jpg 150w, https:\/\/sabineherman.be\/wp-content\/uploads\/2026\/02\/SHnov2021-9391-768x762.jpg 768w, https:\/\/sabineherman.be\/wp-content\/uploads\/2026\/02\/SHnov2021-9391-1536x1524.jpg 1536w, https:\/\/sabineherman.be\/wp-content\/uploads\/2026\/02\/SHnov2021-9391.jpg 1713w\" sizes=\"auto, (max-width: 300px) 100vw, 300px\" \/><\/figure>\n\n\n\n<figure class=\"wp-block-image size-medium\"><img loading=\"lazy\" decoding=\"async\" width=\"300\" height=\"300\" data-id=\"17232\" src=\"https:\/\/sabineherman.be\/wp-content\/uploads\/2026\/02\/SHnov2021-9426-300x300.jpg\" alt=\"\" class=\"wp-image-17232\" srcset=\"https:\/\/sabineherman.be\/wp-content\/uploads\/2026\/02\/SHnov2021-9426-300x300.jpg 300w, https:\/\/sabineherman.be\/wp-content\/uploads\/2026\/02\/SHnov2021-9426-1024x1024.jpg 1024w, https:\/\/sabineherman.be\/wp-content\/uploads\/2026\/02\/SHnov2021-9426-150x150.jpg 150w, https:\/\/sabineherman.be\/wp-content\/uploads\/2026\/02\/SHnov2021-9426-768x768.jpg 768w, https:\/\/sabineherman.be\/wp-content\/uploads\/2026\/02\/SHnov2021-9426-1536x1536.jpg 1536w, https:\/\/sabineherman.be\/wp-content\/uploads\/2026\/02\/SHnov2021-9426.jpg 1700w\" sizes=\"auto, (max-width: 300px) 100vw, 300px\" \/><\/figure>\n\n\n\n<figure class=\"wp-block-image size-medium\"><img loading=\"lazy\" decoding=\"async\" width=\"300\" height=\"261\" data-id=\"17233\" src=\"https:\/\/sabineherman.be\/wp-content\/uploads\/2026\/02\/SHnov2021-9561-300x261.jpg\" alt=\"\" class=\"wp-image-17233\" srcset=\"https:\/\/sabineherman.be\/wp-content\/uploads\/2026\/02\/SHnov2021-9561-300x261.jpg 300w, https:\/\/sabineherman.be\/wp-content\/uploads\/2026\/02\/SHnov2021-9561-1024x890.jpg 1024w, https:\/\/sabineherman.be\/wp-content\/uploads\/2026\/02\/SHnov2021-9561-768x668.jpg 768w, https:\/\/sabineherman.be\/wp-content\/uploads\/2026\/02\/SHnov2021-9561-1536x1336.jpg 1536w, https:\/\/sabineherman.be\/wp-content\/uploads\/2026\/02\/SHnov2021-9561.jpg 1955w\" sizes=\"auto, (max-width: 300px) 100vw, 300px\" \/><\/figure>\n\n\n\n<figure class=\"wp-block-image size-medium\"><img loading=\"lazy\" decoding=\"async\" width=\"300\" height=\"200\" data-id=\"17234\" src=\"https:\/\/sabineherman.be\/wp-content\/uploads\/2026\/02\/SHnov2021-9581-300x200.jpg\" alt=\"\" class=\"wp-image-17234\" srcset=\"https:\/\/sabineherman.be\/wp-content\/uploads\/2026\/02\/SHnov2021-9581-300x200.jpg 300w, https:\/\/sabineherman.be\/wp-content\/uploads\/2026\/02\/SHnov2021-9581-1024x682.jpg 1024w, https:\/\/sabineherman.be\/wp-content\/uploads\/2026\/02\/SHnov2021-9581-768x512.jpg 768w, https:\/\/sabineherman.be\/wp-content\/uploads\/2026\/02\/SHnov2021-9581-1536x1024.jpg 1536w, https:\/\/sabineherman.be\/wp-content\/uploads\/2026\/02\/SHnov2021-9581.jpg 2000w\" sizes=\"auto, (max-width: 300px) 100vw, 300px\" \/><\/figure>\n\n\n\n<figure class=\"wp-block-image size-medium\"><img loading=\"lazy\" decoding=\"async\" width=\"300\" height=\"286\" data-id=\"17235\" src=\"https:\/\/sabineherman.be\/wp-content\/uploads\/2026\/02\/SHnov2021-9585-300x286.jpg\" alt=\"\" class=\"wp-image-17235\" srcset=\"https:\/\/sabineherman.be\/wp-content\/uploads\/2026\/02\/SHnov2021-9585-300x286.jpg 300w, https:\/\/sabineherman.be\/wp-content\/uploads\/2026\/02\/SHnov2021-9585-1024x975.jpg 1024w, https:\/\/sabineherman.be\/wp-content\/uploads\/2026\/02\/SHnov2021-9585-768x731.jpg 768w, https:\/\/sabineherman.be\/wp-content\/uploads\/2026\/02\/SHnov2021-9585-1536x1463.jpg 1536w, https:\/\/sabineherman.be\/wp-content\/uploads\/2026\/02\/SHnov2021-9585.jpg 1785w\" sizes=\"auto, (max-width: 300px) 100vw, 300px\" \/><\/figure>\n<\/figure>","protected":false},"excerpt":{"rendered":"<p>Les bijoux iconiques sont intemporels. Je les r\u00e9\u00e9dite car ils existent au del\u00e0 des tendances. Ils restent encore toujours disponibles.<\/p>","protected":false},"author":1,"featured_media":0,"parent":0,"menu_order":1,"comment_status":"closed","ping_status":"closed","template":"","meta":{"footnotes":""},"class_list":["post-17101","page","type-page","status-publish","hentry"],"_links":{"self":[{"href":"https:\/\/sabineherman.be\/nl\/wp-json\/wp\/v2\/pages\/17101","targetHints":{"allow":["GET"]}}],"collection":[{"href":"https:\/\/sabineherman.be\/nl\/wp-json\/wp\/v2\/pages"}],"about":[{"href":"https:\/\/sabineherman.be\/nl\/wp-json\/wp\/v2\/types\/page"}],"author":[{"embeddable":true,"href":"https:\/\/sabineherman.be\/nl\/wp-json\/wp\/v2\/users\/1"}],"replies":[{"embeddable":true,"href":"https:\/\/sabineherman.be\/nl\/wp-json\/wp\/v2\/comments?post=17101"}],"version-history":[{"count":14,"href":"https:\/\/sabineherman.be\/nl\/wp-json\/wp\/v2\/pages\/17101\/revisions"}],"predecessor-version":[{"id":17337,"href":"https:\/\/sabineherman.be\/nl\/wp-json\/wp\/v2\/pages\/17101\/revisions\/17337"}],"wp:attachment":[{"href":"https:\/\/sabineherman.be\/nl\/wp-json\/wp\/v2\/media?parent=17101"}],"curies":[{"name":"wp","href":"https:\/\/api.w.org\/{rel}","templated":true}]}}